{"id":3044,"date":"2025-06-04T20:04:16","date_gmt":"2025-06-04T13:04:16","guid":{"rendered":"https:\/\/kadeka.com.vn\/?post_type=product&#038;p=3044"},"modified":"2025-06-04T20:20:51","modified_gmt":"2025-06-04T13:20:51","slug":"ka110wr","status":"publish","type":"product","link":"https:\/\/kadeka.com.vn\/en\/san-pham\/ka110wr\/","title":{"rendered":"KA110WR"},"content":{"rendered":"<p><strong>NHI\u1ec6T \u0110\u1ed8\u00a0\u00a0\u00a0\u00a0\u00a0\u00a0\u00a0<\/strong><\/p>\n<p><strong>S\u1ee8C CH\u1ee8A\u00a0\u00a0\u00a0\u00a0<\/strong><\/p>\n<p>121 chai<\/p>\n<p>(D\u1ef1a tr\u00ean chai Bordeaunx chu\u1ea9n 0,75 l\u00edt)<\/p>\n<p>M\u1ed9t v\u00f9ng nhi\u1ec7t \u0111\u1ed9 (5-18\u00b0C)<\/p>\n<p><strong>T\u00cdNH N\u0102NG\u00a0\u00a0\u00a0\u00a0<\/strong><\/p>\n<ul>\n<li>11 k\u1ec7 g\u1ed7 v\u1edbi vi\u1ec1n b\u1eb1ng th\u00e9p kh\u00f4ng gh\u1ec9<\/li>\n<li>B\u1ed9 l\u1ecdc than ho\u1ea1t t\u00ednh, ch\u1ee9c n\u0103ng ghi nh\u1edb nhi\u1ec7t \u0111\u1ed9<\/li>\n<li>Qu\u1ea1t l\u00e0m l\u1ea1nh tu\u1ea7n ho\u00e0n gi\u00fap c\u00e2n b\u1eb1ng nhi\u1ec7t \u0111\u1ed9 b\u1ea3o qu\u1ea3n<\/li>\n<li>\u0110\u1ed9 rung th\u1ea5p v\u00e0 x\u1ea3 \u0111\u00f4ng t\u1ef1 \u0111\u1ed9ng<\/li>\n<li>C\u1eeda k\u00ednh 3 l\u1edbp ch\u1ed1ng tia UV<\/li>\n<li>\u0110i\u1ec7n \u00e1p\/C\u00f4ng su\u1ea5t: 220-240V\/160W<\/li>\n<li>Tr\u1ecdng l\u01b0\u1ee3ng: 82kg<\/li>\n<\/ul>\n<p><strong>K\u00cdCH TH\u01af\u1edaC\u00a0\u00a0\u00a0\u00a0\u00a0<\/strong><\/p>\n<p>Cao x R\u1ed9ng x S\u00e2u: 1392 x 595 x 676 (mm)<\/p>\n<p>(L\u01b0u \u00fd khi \u00e2m k\u1ec7 ch\u1eeba c\u00e1c m\u1eb7t b\u00ean, m\u1eb7t tr\u00ean \u00edt nh\u1ea5t 20mm v\u00e0 m\u1eb7t sau 100 \u2013 150mm)<\/p>\n","protected":false},"excerpt":{"rendered":"<p>L\u1eafp \u0111\u1eb7t \u0111\u1ed9c l\u1eadp ho\u1eb7c l\u1eafp \u00e2m<\/p>\n","protected":false},"featured_media":3045,"comment_status":"closed","ping_status":"closed","template":"","meta":{"_acf_changed":false},"product_cat":[41],"product_tag":[],"acf":[],"_links":{"self":[{"href":"https:\/\/kadeka.com.vn\/en\/wp-json\/wp\/v2\/product\/3044"}],"collection":[{"href":"https:\/\/kadeka.com.vn\/en\/wp-json\/wp\/v2\/product"}],"about":[{"href":"https:\/\/kadeka.com.vn\/en\/wp-json\/wp\/v2\/types\/product"}],"replies":[{"embeddable":true,"href":"https:\/\/kadeka.com.vn\/en\/wp-json\/wp\/v2\/comments?post=3044"}],"wp:featuredmedia":[{"embeddable":true,"href":"https:\/\/kadeka.com.vn\/en\/wp-json\/wp\/v2\/media\/3045"}],"wp:attachment":[{"href":"https:\/\/kadeka.com.vn\/en\/wp-json\/wp\/v2\/media?parent=3044"}],"wp:term":[{"taxonomy":"product_cat","embeddable":true,"href":"https:\/\/kadeka.com.vn\/en\/wp-json\/wp\/v2\/product_cat?post=3044"},{"taxonomy":"product_tag","embeddable":true,"href":"https:\/\/kadeka.com.vn\/en\/wp-json\/wp\/v2\/product_tag?post=3044"}],"curies":[{"name":"wp","href":"https:\/\/api.w.org\/{rel}","templated":true}]}}