{"id":2442,"date":"2025-06-04T07:59:57","date_gmt":"2025-06-04T00:59:57","guid":{"rendered":"https:\/\/kadeka.com.vn\/?post_type=product&#038;p=2442"},"modified":"2025-10-11T16:19:21","modified_gmt":"2025-10-11T09:19:21","slug":"kb40wbc","status":"publish","type":"product","link":"https:\/\/kadeka.com.vn\/en\/san-pham\/kb40wbc\/","title":{"rendered":"KB40WBC"},"content":{"rendered":"<p><strong>NHI\u1ec6T \u0110\u1ed8<\/strong><\/p>\n<p>Hai v\u00f9ng nhi\u1ec7t \u0111\u1ed9<\/p>\n<p>C\u00f3 th\u1ec3 \u0111i\u1ec1u ch\u1ec9nh 5-18\u00b0C<\/p>\n<p><strong>S\u1ed0 CHAI<\/strong><\/p>\n<p>20 (D\u1ef1a tr\u00ean chai Bordeaunx chu\u1ea9n 0,75 l\u00edt)<\/p>\n<p><strong>S\u1ed0 LON BIA<\/strong><\/p>\n<p>54 (D\u1ef1a tr\u00ean lon chu\u1ea9n 330 ml)<\/p>\n<p><strong>T\u00cdNH N\u0102NG<\/strong><\/p>\n<ul>\n<li>Vi\u1ec1n c\u1eeda ho\u00e0n thi\u1ec7n Inox s\u01a1n \u0111en.<\/li>\n<li>C\u1eeda k\u00ednh 2 l\u1edbp (Low E) ch\u1ed1ng tia UV.<\/li>\n<li>1 k\u1ec7 bia t\u00f9y ch\u1ec9nh (54 lon) v\u00e0 2 k\u1ec7 g\u1ed7 tr\u01b0\u1ee3t.<\/li>\n<li>L\u1ef1a ch\u1ecdn \u0111\u00e8n LED 3 m\u00e0u kh\u00e1c nhau (Tr\u1eafng, Xanh d\u01b0\u01a1ng &amp; V\u00e0ng).<\/li>\n<li>B\u1ea3ng \u0111i\u1ec1u khi\u1ec3n hi\u1ec3n th\u1ecb \u0111\u00e8n LED.<\/li>\n<li>B\u1ed9 l\u1ecdc than ho\u1ea1t t\u00ednh, kh\u00f3a c\u1eeda, ch\u1ee9c n\u0103ng b\u00e1o m\u1edf c\u1eeda.<\/li>\n<li>M\u1edf c\u1eeda b\u00ean Tr\u00e1i.<\/li>\n<li>S\u1eed d\u1ee5ng Gas R600a.<\/li>\n<li>\u0110i\u1ec7n \u00e1p: 220-240V &#8211; C\u00f4ng su\u1ea5t: 100W.<\/li>\n<li>Tr\u1ecdng l\u01b0\u1ee3ng: 56kg.<\/li>\n<\/ul>\n<p><strong>K\u00cdCH TH\u01af\u1edaC<\/strong><\/p>\n<p>Cao x R\u1ed9ng x S\u00e2u: 822 x 595 x 562 (mm)<\/p>\n<p>(L\u01b0u \u00fd ch\u1eeba c\u00e1c m\u1eb7t b\u00ean, m\u1eb7t tr\u00ean \u00edt <a href=\"https:\/\/mobile.zp.ua\">more<\/a> nh\u1ea5t 20mm v\u00e0 m\u1eb7t sau 100 &#8211; 150mm)<\/p>\n","protected":false},"excerpt":{"rendered":"<p>\u0110\u1ee9ng \u0111\u1ed9c l\u1eadp ho\u1eb7c \u00c2m k\u1ec7<\/p>\n","protected":false},"featured_media":3039,"comment_status":"closed","ping_status":"closed","template":"","meta":{"_acf_changed":false},"product_cat":[39],"product_tag":[],"acf":[],"_links":{"self":[{"href":"https:\/\/kadeka.com.vn\/en\/wp-json\/wp\/v2\/product\/2442"}],"collection":[{"href":"https:\/\/kadeka.com.vn\/en\/wp-json\/wp\/v2\/product"}],"about":[{"href":"https:\/\/kadeka.com.vn\/en\/wp-json\/wp\/v2\/types\/product"}],"replies":[{"embeddable":true,"href":"https:\/\/kadeka.com.vn\/en\/wp-json\/wp\/v2\/comments?post=2442"}],"wp:featuredmedia":[{"embeddable":true,"href":"https:\/\/kadeka.com.vn\/en\/wp-json\/wp\/v2\/media\/3039"}],"wp:attachment":[{"href":"https:\/\/kadeka.com.vn\/en\/wp-json\/wp\/v2\/media?parent=2442"}],"wp:term":[{"taxonomy":"product_cat","embeddable":true,"href":"https:\/\/kadeka.com.vn\/en\/wp-json\/wp\/v2\/product_cat?post=2442"},{"taxonomy":"product_tag","embeddable":true,"href":"https:\/\/kadeka.com.vn\/en\/wp-json\/wp\/v2\/product_tag?post=2442"}],"curies":[{"name":"wp","href":"https:\/\/api.w.org\/{rel}","templated":true}]}}